{"id":840,"date":"2017-02-17T16:08:55","date_gmt":"2017-02-17T15:08:55","guid":{"rendered":"http:\/\/www.markenbuero.at\/wptest\/?page_id=840"},"modified":"2022-10-27T19:13:50","modified_gmt":"2022-10-27T18:13:50","slug":"impressum","status":"publish","type":"page","link":"https:\/\/markenbuero.at\/wptest\/impressum\/","title":{"rendered":"Impressum"},"content":{"rendered":"<p><strong>F\u00fcr den Inhalt verantwortlich<\/strong><\/p>\n<p><strong>Mag. Brigitte Weiss<\/strong><br \/>\noffice(at)markenbuero.at<br \/>\nTuchlauben 18\/15, 1010 Wien, \u00d6sterreich<br \/>\nT +43 676 4400602<\/p>\n<p><a href=\"https:\/\/www.wkoecg.at\/Web\/Ecg.aspx?FirmaID=4cd58f06-a124-4e6c-b58e-3d6415579dfb\" target=\"_blank\" rel=\"noopener noreferrer\"><img style=\"border: 0px;\" src=\"https:\/\/www.wkoecg.at\/Web\/Library\/img\/ecg.gif\" alt=\"Informationen zu E-Commerce und Mediengesetz\"><\/a><\/p>\n<p>&nbsp;<\/p>\n<p><strong>Haftungsausschluss und Copyright<\/strong><\/p>\n<p><span lang=\"de\">S\u00e4mtliche Inhalte dieser Website <\/span><span lang=\"de\">wurden sorgf\u00e4ltig gepr\u00fcft. Dennoch \u00fcbernehmen wir <\/span>keine Gew\u00e4hr f\u00fcr die Aktualit\u00e4t, Richtigkeit und Vollst\u00e4ndigkeit der bereitgestellten Informationen. Jede Haftung f\u00fcr unmittelbare oder mittelbare Sch\u00e4den, die durch die Nutzung oder Nichtverf\u00fcgbarkeit von Daten oder Informationen verursacht werden, sind, soweit rechtlich zul\u00e4ssig, ausgeschlossen.<\/p>\n<p>Alle Texte, Abbildungen, Fotos auf dieser Website sind urheberrechtlich gesch\u00fctzt, sie d\u00fcrfen nur mit vorheriger ausdr\u00fccklicher Erlaubnis der Eigent\u00fcmer und unter Einhaltung von Quellenangaben weiterverwendet werden. Die Inhalte sind zur pers\u00f6nlichen Information bestimmt. Jede weitergehende Verwendung, insbesondere die Speicherung in Datenbanken, Ver\u00f6ffentlichung, Vervielf\u00e4ltigung und jede Form von gewerblicher Nutzung sowie die Weitergabe an Dritte \u2013 auch in Teilen oder in \u00fcberarbeiteter Form \u2013 ist ohne Zustimmung der Rechteinhaber untersagt.<\/p>\n<p>&nbsp;<\/p>\n","protected":false},"excerpt":{"rendered":"<p>F\u00fcr den Inhalt verantwortlich Mag. Brigitte Weiss office(at)markenbuero.at Tuchlauben 18\/15, 1010 Wien, \u00d6sterreich T +43 676 4400602 &nbsp; Haftungsausschluss und Copyright S\u00e4mtliche Inhalte dieser Website wurden sorgf\u00e4ltig gepr\u00fcft. Dennoch \u00fcbernehmen wir keine Gew\u00e4hr f\u00fcr die Aktualit\u00e4t, Richtigkeit und Vollst\u00e4ndigkeit der bereitgestellten Informationen. Jede Haftung f\u00fcr unmittelbare oder mittelbare Sch\u00e4den, die durch die Nutzung oder Nichtverf\u00fcgbarkeit [&hellip;]<\/p>\n","protected":false},"author":1,"featured_media":0,"parent":0,"menu_order":0,"comment_status":"closed","ping_status":"closed","template":"","meta":[],"aioseo_notices":[],"_links":{"self":[{"href":"https:\/\/markenbuero.at\/wptest\/wp-json\/wp\/v2\/pages\/840"}],"collection":[{"href":"https:\/\/markenbuero.at\/wptest\/wp-json\/wp\/v2\/pages"}],"about":[{"href":"https:\/\/markenbuero.at\/wptest\/wp-json\/wp\/v2\/types\/page"}],"author":[{"embeddable":true,"href":"https:\/\/markenbuero.at\/wptest\/wp-json\/wp\/v2\/users\/1"}],"replies":[{"embeddable":true,"href":"https:\/\/markenbuero.at\/wptest\/wp-json\/wp\/v2\/comments?post=840"}],"version-history":[{"count":12,"href":"https:\/\/markenbuero.at\/wptest\/wp-json\/wp\/v2\/pages\/840\/revisions"}],"predecessor-version":[{"id":958,"href":"https:\/\/markenbuero.at\/wptest\/wp-json\/wp\/v2\/pages\/840\/revisions\/958"}],"wp:attachment":[{"href":"https:\/\/markenbuero.at\/wptest\/wp-json\/wp\/v2\/media?parent=840"}],"curies":[{"name":"wp","href":"https:\/\/api.w.org\/{rel}","templated":true}]}}