{"id":1000,"date":"2023-02-06T19:01:30","date_gmt":"2023-02-06T18:01:30","guid":{"rendered":"https:\/\/markenbuero.at\/wptest\/?page_id=1000"},"modified":"2023-02-06T19:01:31","modified_gmt":"2023-02-06T18:01:31","slug":"es-war-sehr-schoen","status":"publish","type":"page","link":"https:\/\/markenbuero.at\/wptest\/","title":{"rendered":"Es war sehr sch\u00f6n."},"content":{"rendered":"\n<p>Das Markenb\u00fcro hat seine T\u00fcren geschlossen. <\/p>\n\n\n\n<p>F\u00fcr Ihr Interesse, f\u00fcr spannende Projekte und gute Zusammenarbeit, f\u00fcr eine lehrreiche, bunte, fr\u00f6hliche Zeit:<\/p>\n\n\n\n<p class=\"has-dark-gray-color has-text-color\">Herzlichen Dank!<\/p>\n\n\n\n<p><\/p>\n","protected":false},"excerpt":{"rendered":"<p>Das Markenb\u00fcro hat seine T\u00fcren geschlossen. F\u00fcr Ihr Interesse, f\u00fcr spannende Projekte und gute Zusammenarbeit, f\u00fcr eine lehrreiche, bunte, fr\u00f6hliche Zeit: Herzlichen Dank!<\/p>\n","protected":false},"author":1,"featured_media":0,"parent":0,"menu_order":0,"comment_status":"closed","ping_status":"closed","template":"","meta":[],"aioseo_notices":[],"_links":{"self":[{"href":"https:\/\/markenbuero.at\/wptest\/wp-json\/wp\/v2\/pages\/1000"}],"collection":[{"href":"https:\/\/markenbuero.at\/wptest\/wp-json\/wp\/v2\/pages"}],"about":[{"href":"https:\/\/markenbuero.at\/wptest\/wp-json\/wp\/v2\/types\/page"}],"author":[{"embeddable":true,"href":"https:\/\/markenbuero.at\/wptest\/wp-json\/wp\/v2\/users\/1"}],"replies":[{"embeddable":true,"href":"https:\/\/markenbuero.at\/wptest\/wp-json\/wp\/v2\/comments?post=1000"}],"version-history":[{"count":9,"href":"https:\/\/markenbuero.at\/wptest\/wp-json\/wp\/v2\/pages\/1000\/revisions"}],"predecessor-version":[{"id":1009,"href":"https:\/\/markenbuero.at\/wptest\/wp-json\/wp\/v2\/pages\/1000\/revisions\/1009"}],"wp:attachment":[{"href":"https:\/\/markenbuero.at\/wptest\/wp-json\/wp\/v2\/media?parent=1000"}],"curies":[{"name":"wp","href":"https:\/\/api.w.org\/{rel}","templated":true}]}}